{"id":6,"date":"2016-08-01T18:45:37","date_gmt":"2016-08-01T18:45:37","guid":{"rendered":"http:\/\/www.hospitalstacruz.com.br\/cursoventilacao\/?page_id=6"},"modified":"2016-08-01T21:24:48","modified_gmt":"2016-08-01T21:24:48","slug":"programacao","status":"publish","type":"page","link":"https:\/\/www.hospitalstacruz.com.br\/cursoventilacao\/curso-de-ventilacao-mecanica\/programacao\/","title":{"rendered":"Programa\u00e7\u00e3o"},"content":{"rendered":"<p>&#8211; Modos ventilat\u00f3rios convencionais: VCV, PCV, PRVC, PSV<\/p>\n<p>&#8211; Monitoriza\u00e7\u00e3o ventilat\u00f3ria e ajuste do ventilador mec\u00e2nico<\/p>\n<p>&#8211; Modos de Desmame<\/p>\n<p>&#8211; \u00cdndices preditivos para o Desmame<\/p>\n<p>&#8211; Ventila\u00e7\u00e3o Mec\u00e2nica na DPOC e na SDRA<\/p>\n<p>&#8211; Estrat\u00e9gia protetora, &#8220;Driving Pressure&#8221;, PEEP ideal, posi\u00e7\u00e3o prona<\/p>\n<p>&#8211; Recrutamento alveolar<\/p>\n<p>&#8211; Ventila\u00e7\u00e3o mec\u00e2nica no TCE<\/p>\n<p>&#8211; Monitoriza\u00e7\u00e3o multimodal (SjO<sub>2<\/sub>, ECO<sub>2<\/sub>, PbrO<sub>2<\/sub>, microdi\u00e1lise cerebral)<\/p>\n<p>&#8211; Quando e como hiperventilar?<\/p>\n<p>&#8211; Como usar a PEEP e como fazer o recrutamento alveolar no paciente com TCE e SDRA<\/p>\n","protected":false},"excerpt":{"rendered":"<p>&#8211; Modos ventilat\u00f3rios convencionais: VCV, PCV, PRVC, PSV &#8211; Monitoriza\u00e7\u00e3o ventilat\u00f3ria e ajuste do ventilador mec\u00e2nico &#8211; Modos de Desmame &#8211; \u00cdndices preditivos para o Desmame &#8211; Ventila\u00e7\u00e3o Mec\u00e2nica na DPOC e na SDRA &#8211; Estrat\u00e9gia protetora, &#8220;Driving Pressure&#8221;, PEEP ideal, posi\u00e7\u00e3o prona &#8211; Recrutamento alveolar &#8211; Ventila\u00e7\u00e3o mec\u00e2nica no TCE &#8211; Monitoriza\u00e7\u00e3o multimodal (SjO2, [&hellip;]<\/p>\n","protected":false},"author":1,"featured_media":0,"parent":8,"menu_order":0,"comment_status":"open","ping_status":"open","template":"","meta":{"om_disable_all_campaigns":false,"_monsterinsights_skip_tracking":false,"_monsterinsights_sitenote_active":false,"_monsterinsights_sitenote_note":"","_monsterinsights_sitenote_category":0,"footnotes":""},"class_list":["post-6","page","type-page","status-publish","hentry"],"aioseo_notices":[],"_links":{"self":[{"href":"https:\/\/www.hospitalstacruz.com.br\/cursoventilacao\/wp-json\/wp\/v2\/pages\/6","targetHints":{"allow":["GET"]}}],"collection":[{"href":"https:\/\/www.hospitalstacruz.com.br\/cursoventilacao\/wp-json\/wp\/v2\/pages"}],"about":[{"href":"https:\/\/www.hospitalstacruz.com.br\/cursoventilacao\/wp-json\/wp\/v2\/types\/page"}],"author":[{"embeddable":true,"href":"https:\/\/www.hospitalstacruz.com.br\/cursoventilacao\/wp-json\/wp\/v2\/users\/1"}],"replies":[{"embeddable":true,"href":"https:\/\/www.hospitalstacruz.com.br\/cursoventilacao\/wp-json\/wp\/v2\/comments?post=6"}],"version-history":[{"count":1,"href":"https:\/\/www.hospitalstacruz.com.br\/cursoventilacao\/wp-json\/wp\/v2\/pages\/6\/revisions"}],"predecessor-version":[{"id":7,"href":"https:\/\/www.hospitalstacruz.com.br\/cursoventilacao\/wp-json\/wp\/v2\/pages\/6\/revisions\/7"}],"up":[{"embeddable":true,"href":"https:\/\/www.hospitalstacruz.com.br\/cursoventilacao\/wp-json\/wp\/v2\/pages\/8"}],"wp:attachment":[{"href":"https:\/\/www.hospitalstacruz.com.br\/cursoventilacao\/wp-json\/wp\/v2\/media?parent=6"}],"curies":[{"name":"wp","href":"https:\/\/api.w.org\/{rel}","templated":true}]}}